{"id":633,"date":"2021-04-13T14:43:01","date_gmt":"2021-04-13T11:43:01","guid":{"rendered":"https:\/\/birpinar.com\/?page_id=633"},"modified":"2021-05-05T21:27:49","modified_gmt":"2021-05-05T18:27:49","slug":"from-the-press","status":"publish","type":"page","link":"https:\/\/birpinar.com\/en\/from-the-press\/","title":{"rendered":"From The Press"},"content":{"rendered":"<h3>T\u00fcrk\u00e7e Haberler<\/h3>\n<p><a href=\"https:\/\/yesilgazete.org\/birpinar-turkiye-sifir-karbon-emisyon-hedefi-koymali\/\" target=\"_blank\" rel=\"noopener\"><img decoding=\"async\" class=\"basindan-gorsel\" src=\"https:\/\/birpinar.com\/en\/wp-content\/uploads\/2021\/04\/15-temmuz-4-800x400-1.jpg\" \/> <strong><span class=\"entry-title\">Birp\u0131nar: T\u00fcrkiye s\u0131f\u0131r karbon emisyonu hedefi koymal\u0131<\/span><\/strong><\/a><\/p>\n<p><a href=\"https:\/\/www.turkiyegazetesi.com.tr\/yasam\/781095.aspx\" target=\"_blank\" rel=\"noopener\"><img decoding=\"async\" class=\"basindan-gorsel\" src=\"https:\/\/birpinar.com\/en\/wp-content\/uploads\/2021\/04\/caretta-caretta-kaciyor-hamsi-kitligi-basladi-balon-baligi-artiyor-1617941071.jpg\" \/> <strong><span class=\"entry-title\">Caretta caretta ka\u00e7\u0131yor, hamsi k\u0131tl\u0131\u011f\u0131 ba\u015flad\u0131, balon bal\u0131\u011f\u0131 art\u0131yor<\/span><\/strong><\/a><\/p>\n<p><a href=\"https:\/\/www.bbc.com\/turkce\/haberler-turkiye-56701147\" target=\"_blank\" rel=\"noopener\"><img decoding=\"async\" class=\"basindan-gorsel\" src=\"https:\/\/birpinar.com\/en\/wp-content\/uploads\/2021\/04\/yali.png\" \/> <strong><span class=\"entry-title\">Uyar\u0131 geldi! Yal\u0131lar sular alt\u0131nda kal\u0131r, hamsi fiyatlar\u0131 100 TL&#8217;ye f\u0131rlayabilir<\/span><\/strong><\/a><\/p>\n<p><a href=\"https:\/\/www.bbc.com\/turkce\/haberler-turkiye-56701147\" target=\"_blank\" rel=\"noopener\"><img decoding=\"async\" class=\"basindan-gorsel\" src=\"https:\/\/birpinar.com\/en\/wp-content\/uploads\/2021\/04\/117954403_main.jpg\" \/> <strong><span class=\"entry-title\">T\u00fcrkiye&#8217;de iklim de\u011fi\u015fikli\u011fine inananlar\u0131n oran\u0131 y\u00fczde 85<\/span><\/strong><\/a><\/p>\n<h3>English News<\/h3>\n<p><a href=\"https:\/\/www.hurriyetdailynews.com\/istanbuls-bosphorus-under-risk-due-to-global-climate-change-163795\" target=\"_blank\" rel=\"noopener\"><img decoding=\"async\" class=\"basindan-gorsel\" src=\"https:\/\/birpinar.com\/en\/wp-content\/uploads\/2021\/04\/606eece167b0a91c54a68c27.jpeg\" \/> <strong><span class=\"entry-title\">T\u00fcrkiye&#8217;de iklim de\u011fi\u015fikli\u011fine inananlar\u0131n oran\u0131 y\u00fczde 85<\/span><\/strong><\/a><\/p>\n","protected":false},"excerpt":{"rendered":"<p>T\u00fcrk\u00e7e Haberler Birp\u0131nar: T\u00fcrkiye s\u0131f\u0131r karbon emisyonu hedefi koymal\u0131 Caretta caretta ka\u00e7\u0131yor, hamsi k\u0131tl\u0131\u011f\u0131 ba\u015flad\u0131, balon bal\u0131\u011f\u0131 art\u0131yor Uyar\u0131 geldi! Yal\u0131lar sular alt\u0131nda kal\u0131r, hamsi fiyatlar\u0131 100 TL&#8217;ye f\u0131rlayabilir T\u00fcrkiye&#8217;de iklim de\u011fi\u015fikli\u011fine inananlar\u0131n oran\u0131 y\u00fczde 85 English News T\u00fcrkiye&#8217;de iklim de\u011fi\u015fikli\u011fine inananlar\u0131n oran\u0131 y\u00fczde 85<\/p>\n","protected":false},"author":1,"featured_media":0,"parent":0,"menu_order":0,"comment_status":"closed","ping_status":"closed","template":"","meta":[],"_links":{"self":[{"href":"https:\/\/birpinar.com\/en\/wp-json\/wp\/v2\/pages\/633"}],"collection":[{"href":"https:\/\/birpinar.com\/en\/wp-json\/wp\/v2\/pages"}],"about":[{"href":"https:\/\/birpinar.com\/en\/wp-json\/wp\/v2\/types\/page"}],"author":[{"embeddable":true,"href":"https:\/\/birpinar.com\/en\/wp-json\/wp\/v2\/users\/1"}],"replies":[{"embeddable":true,"href":"https:\/\/birpinar.com\/en\/wp-json\/wp\/v2\/comments?post=633"}],"version-history":[{"count":15,"href":"https:\/\/birpinar.com\/en\/wp-json\/wp\/v2\/pages\/633\/revisions"}],"predecessor-version":[{"id":709,"href":"https:\/\/birpinar.com\/en\/wp-json\/wp\/v2\/pages\/633\/revisions\/709"}],"wp:attachment":[{"href":"https:\/\/birpinar.com\/en\/wp-json\/wp\/v2\/media?parent=633"}],"curies":[{"name":"wp","href":"https:\/\/api.w.org\/{rel}","templated":true}]}}