{"id":457,"date":"2021-01-06T22:59:31","date_gmt":"2021-01-06T19:59:31","guid":{"rendered":"https:\/\/demo.birpinar.com\/?page_id=457"},"modified":"2021-04-11T19:39:30","modified_gmt":"2021-04-11T16:39:30","slug":"tubayi-izliyoruz","status":"publish","type":"page","link":"https:\/\/birpinar.com\/en\/tubayi-izliyoruz\/","title":{"rendered":"Tuba&#8217;y\u0131 \u0130zliyoruz"},"content":{"rendered":"<p style=\"font-weight: 400;\">\u00dc\u00e7 taraf\u0131 denizlerle \u00e7evrili yurdumuzun 8300 km&#8217;den fazla sahil \u015feridi var. D\u00fcnyaca \u00fcnl\u00fc sahillerimiz bir\u00e7ok vatanda\u015f\u0131 ve turisti a\u011f\u0131rlad\u0131\u011f\u0131 gibi bir\u00e7ok \u00f6zel t\u00fcre de ev sahipli\u011fi yap\u0131yor.<!--more-->Bunlardan biri de \u0130riba\u015f Deniz Kaplumba\u011falar\u0131, nam-\u0131 di\u011fer Caretta Carettalar.<\/p>\n<p style=\"font-weight: 400;\">Ne yaz\u0131k ki onlar da nesli t\u00fckenme tehlikesi ya\u015fayan t\u00fcrlerden bir tanesi. Ya\u015famlar\u0131n\u0131 genellikle denizde ge\u00e7irirler. Sadece di\u015filer arada yumurta b\u0131rakmak \u00fczere karaya \u00e7\u0131karlar. \u00dcreme d\u00f6nemleri genellikle May\u0131s-A\u011fustos d\u00f6neminde ger\u00e7ekle\u015fir. Yumurtalar\u0131n\u0131 kumsallarda a\u00e7t\u0131klar\u0131 yuvalara b\u0131rak\u0131rlar. Ancak, kumsallar\u0131n i\u015fgal edilmesi ve \u0131\u015f\u0131k kirlili\u011fi nedeniyle \u00e7o\u011falmada sorunlar ya\u015f\u0131yor. \u00c7\u00fcnk\u00fc, yavrular geceleri yumurtadan \u00e7\u0131kar. Dalga sesi ile ay \u0131\u015f\u0131\u011f\u0131n\u0131n yans\u0131mas\u0131 ile yollar\u0131n\u0131 bulurlar.<\/p>\n<p style=\"font-weight: 400;\">O y\u00fczden, ortamdaki yapay \u0131\u015f\u0131klar sa\u011fl\u0131kl\u0131 hareket etmelerine mani olup, \u00e7o\u011fu yavrunun denize ula\u015famadan ya\u015fam\u0131n\u0131 kaybetmesine neden olur. \u00c7evre ve \u015eehircilik Bakanl\u0131\u011f\u0131 olarak &#8220;Caretta Caretta&#8221; gibi \u00f6zel canl\u0131lar\u0131n nesillerini devam ettirebilmeleri i\u00e7in &#8220;T\u00fcr \u0130zleme Projeleri&#8221; geli\u015ftiriyoruz. Projelerde Deniz kaplumba\u011falar\u0131; i<span style=\"font-style: inherit; font-weight: inherit;\">zledikleri g\u00f6\u00e7 yollar\u0131n\u0131n belirlenmesi ve i<\/span><span style=\"font-style: inherit; font-weight: inherit;\">klim de\u011fi\u015fikli\u011fi gibi \u00e7evresel etmen etkilerinin de\u011ferlendirilmesi i\u00e7in uydu \u00fczerinden takip ediliyor.<\/span><\/p>\n<p style=\"font-weight: 400;\">\u015eu ana dek 20&#8217;den fazla Caretta Caretta uydu \u00fczerinden izlendi. Bu kapsamda izlenen son kaplumba\u011fa, Tuba isimli Caretta Caretta. 28 A\u011fustos\u2019ta izlenmeye ba\u015fland\u0131. Ilk 2 haftada Rodos ve Marmaris&#8217;e u\u011frad\u0131.\u00a0 2 ay burada kalan Tuba, Aral\u0131k&#8217;ta Yunanistan&#8217;a ula\u015ft\u0131.\u00a0 \u015eu an ise Malta a\u00e7\u0131klar\u0131nda seyrediyor. Evet Tuba, B\u0130R\u0130 SEN\u0130 G\u00d6ZETL\u0130YOR \ud83d\ude42<\/p>\n<p><img decoding=\"async\" loading=\"lazy\" class=\"alignnone wp-image-167 size-full\" src=\"https:\/\/birpinar.com\/wp-content\/uploads\/2020\/12\/caretta_tuba-2.jpg\" alt=\"\" width=\"360\" height=\"240\" srcset=\"https:\/\/birpinar.com\/en\/wp-content\/uploads\/2020\/12\/caretta_tuba-2.jpg 360w, https:\/\/birpinar.com\/en\/wp-content\/uploads\/2020\/12\/caretta_tuba-2-300x200.jpg 300w, https:\/\/birpinar.com\/en\/wp-content\/uploads\/2020\/12\/caretta_tuba-2-345x230.jpg 345w\" sizes=\"(max-width: 360px) 100vw, 360px\" \/><\/p>\n<p style=\"font-weight: 400;\">Sizler de a\u015fa\u011f\u0131daki linkten Caretta Caretta Tuba&#8217;n\u0131n bu macera dolu yolculu\u011funa \u015fahit olmak istiyorsan\u0131z\u00a0<a style=\"font-style: inherit; font-weight: inherit;\" href=\"http:\/\/dekamer.org.tr\/uydu.html\">t\u0131klay\u0131n.<\/a>..<\/p>\n","protected":false},"excerpt":{"rendered":"<p>\u00dc\u00e7 taraf\u0131 denizlerle \u00e7evrili yurdumuzun 8300 km&#8217;den fazla sahil \u015feridi var. D\u00fcnyaca \u00fcnl\u00fc sahillerimiz bir\u00e7ok vatanda\u015f\u0131 ve turisti a\u011f\u0131rlad\u0131\u011f\u0131 gibi bir\u00e7ok \u00f6zel t\u00fcre de ev sahipli\u011fi yap\u0131yor.<\/p>\n","protected":false},"author":1,"featured_media":237,"parent":0,"menu_order":0,"comment_status":"closed","ping_status":"closed","template":"","meta":[],"_links":{"self":[{"href":"https:\/\/birpinar.com\/en\/wp-json\/wp\/v2\/pages\/457"}],"collection":[{"href":"https:\/\/birpinar.com\/en\/wp-json\/wp\/v2\/pages"}],"about":[{"href":"https:\/\/birpinar.com\/en\/wp-json\/wp\/v2\/types\/page"}],"author":[{"embeddable":true,"href":"https:\/\/birpinar.com\/en\/wp-json\/wp\/v2\/users\/1"}],"replies":[{"embeddable":true,"href":"https:\/\/birpinar.com\/en\/wp-json\/wp\/v2\/comments?post=457"}],"version-history":[{"count":2,"href":"https:\/\/birpinar.com\/en\/wp-json\/wp\/v2\/pages\/457\/revisions"}],"predecessor-version":[{"id":628,"href":"https:\/\/birpinar.com\/en\/wp-json\/wp\/v2\/pages\/457\/revisions\/628"}],"wp:featuredmedia":[{"embeddable":true,"href":"https:\/\/birpinar.com\/en\/wp-json\/wp\/v2\/media\/237"}],"wp:attachment":[{"href":"https:\/\/birpinar.com\/en\/wp-json\/wp\/v2\/media?parent=457"}],"curies":[{"name":"wp","href":"https:\/\/api.w.org\/{rel}","templated":true}]}}