{"id":450,"date":"2021-01-06T22:51:21","date_gmt":"2021-01-06T19:51:21","guid":{"rendered":"https:\/\/demo.birpinar.com\/?page_id=450"},"modified":"2021-04-11T19:37:39","modified_gmt":"2021-04-11T16:37:39","slug":"binalar-enerji-verimli-olacak","status":"publish","type":"page","link":"https:\/\/birpinar.com\/en\/binalar-enerji-verimli-olacak\/","title":{"rendered":"Binalar Enerji Verimli Olacak"},"content":{"rendered":"<p style=\"font-weight: 400;\">Enerji ve Tabii Kaynaklar Bakanl\u0131\u011f\u0131nca d\u00fczenlenen &#8220;Kamu Binalar\u0131nda Enerji Verimlili\u011fi&#8221; \u00e7al\u0131\u015ftay\u0131na kat\u0131ld\u0131k. Enerjiyi \u00fcretmek kadar; onu verimli ve etkili kullanman\u0131n \u00f6nemine de\u011findik. Evet, \u00dclkemizde son 25 y\u0131lda bir\u00e7ok geli\u015fme oldu. Ya\u015fam standartlar\u0131m\u0131z, al\u0131\u015fkanl\u0131klar\u0131m\u0131z de\u011fi\u015fti. De\u011fi\u015fimler nedeniyle enerji t\u00fcketimimiz 2 kat art\u0131\u015f g\u00f6sterdi. \u00d6nemli enerji t\u00fcketicilerinden birisi de binalar. T\u00fcketimin %30\u2019undan sorumlu durumdalar.<\/p>\n<p style=\"font-weight: 400;\"><img decoding=\"async\" loading=\"lazy\" class=\"alignleft wp-image-288 size-full\" src=\"https:\/\/birpinar.com\/wp-content\/uploads\/2021\/01\/bep-1.jpg\" alt=\"\" width=\"360\" height=\"222\" srcset=\"https:\/\/birpinar.com\/en\/wp-content\/uploads\/2021\/01\/bep-1.jpg 360w, https:\/\/birpinar.com\/en\/wp-content\/uploads\/2021\/01\/bep-1-300x185.jpg 300w\" sizes=\"(max-width: 360px) 100vw, 360px\" \/>Enerjiyi \u00fcretmek kadar onu kullanmak da \u00f6nemli. Yap\u0131lan ara\u015ft\u0131rmalarda, binalarda %20-40 aras\u0131nda enerji tasarrufu sa\u011flanabildi\u011fi belirlenmi\u015ftir. Bizler de bunu yap\u0131yoruz. D\u00f6n\u00fc\u015f\u00fcm\u00fc KAMUDA ba\u015flat\u0131yoruz. Art\u0131k, kendisinin \u00f6nc\u00fc ve \u00f6rnek oldu\u011fu bir kamu anlay\u0131\u015f\u0131 var. Daha \u00e7ok \u00fcretmek yerine, \u00fcretileni verimli kullanarak ihtiyac\u0131 kar\u015f\u0131lamal\u0131y\u0131z. D\u00fcnya buna d\u00f6n\u00fcyor.<\/p>\n<p style=\"font-weight: 400;\">L\u0130NEER denilen, \u201c\u00fcret-kullan-at\u201d yerine, \u201c\u00fcret-kullan-tekrar kullan-de\u011ferlendir\u201d modeline, D\u00d6NG\u00dcSELE ge\u00e7iyor. Bu itibarla Binalarda Enerji Performans\u0131 Y\u00f6netmeli\u011fini \u00e7\u0131kard\u0131k. Enerji Kimlik Belgesi uygulamas\u0131 ba\u015flad\u0131. Binalar\u0131n enerji t\u00fcketimine g\u00f6re verilecek bu belge.\u00a0 A, B, C, D, E, F, G gibi seviyeleri olacak. &#8220;A&#8221; seviyesi verimli bina iken; \u201cG\u201d verimsiz (\u00e7ok enerji t\u00fcketen) bina olacak. Vatanda\u015f i\u00e7in se\u00e7me nedeni olacak.<\/p>\n<p style=\"font-weight: 400;\">Bakanl\u0131k olarak enerji verimlili\u011fini \u00f6nemsiyoruz. \u0130klim de\u011fi\u015fikli\u011fine uyum i\u00e7in. S\u0131f\u0131r karbon binalar i\u00e7in. S\u0131f\u0131r at\u0131k i\u00e7in. Temiz ve sa\u011fl\u0131kl\u0131 bir \u00e7evre i\u00e7in. Bu konuda di\u011fer kamu kurumlar\u0131 ile koordineli hareket ediyoruz&#8230;<\/p>\n","protected":false},"excerpt":{"rendered":"<p>Enerji ve Tabii Kaynaklar Bakanl\u0131\u011f\u0131nca d\u00fczenlenen &#8220;Kamu Binalar\u0131nda Enerji Verimlili\u011fi&#8221; \u00e7al\u0131\u015ftay\u0131na kat\u0131ld\u0131k. Enerjiyi \u00fcretmek kadar; onu verimli ve etkili kullanman\u0131n \u00f6nemine de\u011findik. Evet, \u00dclkemizde son 25 y\u0131lda bir\u00e7ok geli\u015fme oldu. Ya\u015fam standartlar\u0131m\u0131z, al\u0131\u015fkanl\u0131klar\u0131m\u0131z de\u011fi\u015fti. De\u011fi\u015fimler nedeniyle enerji t\u00fcketimimiz 2 kat art\u0131\u015f g\u00f6sterdi. \u00d6nemli enerji t\u00fcketicilerinden birisi de binalar. T\u00fcketimin %30\u2019undan sorumlu durumdalar. Enerjiyi \u00fcretmek kadar&hellip;<\/p>\n","protected":false},"author":1,"featured_media":451,"parent":0,"menu_order":0,"comment_status":"closed","ping_status":"closed","template":"","meta":[],"_links":{"self":[{"href":"https:\/\/birpinar.com\/en\/wp-json\/wp\/v2\/pages\/450"}],"collection":[{"href":"https:\/\/birpinar.com\/en\/wp-json\/wp\/v2\/pages"}],"about":[{"href":"https:\/\/birpinar.com\/en\/wp-json\/wp\/v2\/types\/page"}],"author":[{"embeddable":true,"href":"https:\/\/birpinar.com\/en\/wp-json\/wp\/v2\/users\/1"}],"replies":[{"embeddable":true,"href":"https:\/\/birpinar.com\/en\/wp-json\/wp\/v2\/comments?post=450"}],"version-history":[{"count":2,"href":"https:\/\/birpinar.com\/en\/wp-json\/wp\/v2\/pages\/450\/revisions"}],"predecessor-version":[{"id":626,"href":"https:\/\/birpinar.com\/en\/wp-json\/wp\/v2\/pages\/450\/revisions\/626"}],"wp:featuredmedia":[{"embeddable":true,"href":"https:\/\/birpinar.com\/en\/wp-json\/wp\/v2\/media\/451"}],"wp:attachment":[{"href":"https:\/\/birpinar.com\/en\/wp-json\/wp\/v2\/media?parent=450"}],"curies":[{"name":"wp","href":"https:\/\/api.w.org\/{rel}","templated":true}]}}